{"id":11,"date":"2024-03-05T12:50:08","date_gmt":"2024-03-05T11:50:08","guid":{"rendered":"https:\/\/jardinsdemarguerite.fr\/?page_id=11"},"modified":"2026-02-06T16:44:17","modified_gmt":"2026-02-06T15:44:17","slug":"accueil","status":"publish","type":"page","link":"https:\/\/jardinsdemarguerite.fr\/","title":{"rendered":"Accueil"},"content":{"rendered":"\t\t<div data-elementor-type=\"wp-page\" data-elementor-id=\"11\" class=\"elementor elementor-11\">\n\t\t\t\t<div class=\"elementor-element elementor-element-8f8e08f e-con-full elementor-hidden-desktop elementor-hidden-tablet elementor-hidden-mobile e-flex e-con e-parent\" data-id=\"8f8e08f\" data-element_type=\"container\" data-settings=\"{&quot;content_width&quot;:&quot;full&quot;}\" data-core-v316-plus=\"true\">\n\t\t<div class=\"elementor-element elementor-element-7b543f6 e-con-full e-flex e-con e-child\" data-id=\"7b543f6\" data-element_type=\"container\" data-settings=\"{&quot;content_width&quot;:&quot;full&quot;}\">\n\t\t\t\t<div class=\"elementor-element elementor-element-6618d1d elementor-widget elementor-widget-image\" data-id=\"6618d1d\" data-element_type=\"widget\" data-widget_type=\"image.default\">\n\t\t\t\t<div class=\"elementor-widget-container\">\n\t\t\t<style>\/*! elementor - v3.19.0 - 28-02-2024 *\/\n.elementor-widget-image{text-align:center}.elementor-widget-image a{display:inline-block}.elementor-widget-image a img[src$=\".svg\"]{width:48px}.elementor-widget-image img{vertical-align:middle;display:inline-block}<\/style>\t\t\t\t\t\t\t\t\t\t<img fetchpriority=\"high\" decoding=\"async\" width=\"2154\" height=\"634\" src=\"https:\/\/jardinsdemarguerite.fr\/wp-content\/uploads\/2024\/03\/Fichier-2.jpg\" class=\"attachment-full size-full wp-image-66\" alt=\"\" srcset=\"https:\/\/jardinsdemarguerite.fr\/wp-content\/uploads\/2024\/03\/Fichier-2.jpg 2154w, https:\/\/jardinsdemarguerite.fr\/wp-content\/uploads\/2024\/03\/Fichier-2-600x177.jpg 600w, https:\/\/jardinsdemarguerite.fr\/wp-content\/uploads\/2024\/03\/Fichier-2-300x88.jpg 300w, https:\/\/jardinsdemarguerite.fr\/wp-content\/uploads\/2024\/03\/Fichier-2-1024x301.jpg 1024w, https:\/\/jardinsdemarguerite.fr\/wp-content\/uploads\/2024\/03\/Fichier-2-768x226.jpg 768w, https:\/\/jardinsdemarguerite.fr\/wp-content\/uploads\/2024\/03\/Fichier-2-1536x452.jpg 1536w, https:\/\/jardinsdemarguerite.fr\/wp-content\/uploads\/2024\/03\/Fichier-2-2048x603.jpg 2048w\" sizes=\"(max-width: 2154px) 100vw, 2154px\" \/>\t\t\t\t\t\t\t\t\t\t\t\t\t<\/div>\n\t\t\t\t<\/div>\n\t\t\t\t<\/div>\n\t\t\t\t<div class=\"elementor-element elementor-element-25f0a00 elementor-widget__width-initial elementor-widget elementor-widget-image\" data-id=\"25f0a00\" data-element_type=\"widget\" data-widget_type=\"image.default\">\n\t\t\t\t<div class=\"elementor-widget-container\">\n\t\t\t\t\t\t\t\t\t\t\t\t\t<img decoding=\"async\" width=\"600\" height=\"400\" src=\"https:\/\/jardinsdemarguerite.fr\/wp-content\/uploads\/2024\/03\/eu-organic-logo-600x400_0.png\" class=\"attachment-large size-large wp-image-119\" alt=\"\" srcset=\"https:\/\/jardinsdemarguerite.fr\/wp-content\/uploads\/2024\/03\/eu-organic-logo-600x400_0.png 600w, https:\/\/jardinsdemarguerite.fr\/wp-content\/uploads\/2024\/03\/eu-organic-logo-600x400_0-300x200.png 300w\" sizes=\"(max-width: 600px) 100vw, 600px\" \/>\t\t\t\t\t\t\t\t\t\t\t\t\t<\/div>\n\t\t\t\t<\/div>\n\t\t<div class=\"elementor-element elementor-element-bbe9a80 e-con-full e-flex e-con e-child\" data-id=\"bbe9a80\" data-element_type=\"container\" data-settings=\"{&quot;content_width&quot;:&quot;full&quot;}\">\n\t\t\t\t<div class=\"elementor-element elementor-element-67f4528 elementor-widget elementor-widget-text-editor\" data-id=\"67f4528\" data-element_type=\"widget\" data-widget_type=\"text-editor.default\">\n\t\t\t\t<div class=\"elementor-widget-container\">\n\t\t\t<style>\/*! elementor - v3.19.0 - 28-02-2024 *\/\n.elementor-widget-text-editor.elementor-drop-cap-view-stacked .elementor-drop-cap{background-color:#69727d;color:#fff}.elementor-widget-text-editor.elementor-drop-cap-view-framed .elementor-drop-cap{color:#69727d;border:3px solid;background-color:transparent}.elementor-widget-text-editor:not(.elementor-drop-cap-view-default) .elementor-drop-cap{margin-top:8px}.elementor-widget-text-editor:not(.elementor-drop-cap-view-default) .elementor-drop-cap-letter{width:1em;height:1em}.elementor-widget-text-editor .elementor-drop-cap{float:left;text-align:center;line-height:1;font-size:50px}.elementor-widget-text-editor .elementor-drop-cap-letter{display:inline-block}<\/style>\t\t\t\t<p>Micro Ferme en Bio \u00e0 Fellering<\/p>\t\t\t\t\t\t<\/div>\n\t\t\t\t<\/div>\n\t\t\t\t<div class=\"elementor-element elementor-element-bae71a2 elementor-widget elementor-widget-text-editor\" data-id=\"bae71a2\" data-element_type=\"widget\" data-widget_type=\"text-editor.default\">\n\t\t\t\t<div class=\"elementor-widget-container\">\n\t\t\t\t\t\t\t<p>Plants &#8211; L\u00e9gumes de saison &#8211; Plantes aromatiques et m\u00e9dicinales <\/p>\t\t\t\t\t\t<\/div>\n\t\t\t\t<\/div>\n\t\t\t\t<\/div>\n\t\t\t\t<\/div>\n\t\t<div class=\"elementor-element elementor-element-f229615 e-con-full e-flex e-con e-parent\" data-id=\"f229615\" data-element_type=\"container\" data-settings=\"{&quot;content_width&quot;:&quot;full&quot;,&quot;background_background&quot;:&quot;classic&quot;}\" data-core-v316-plus=\"true\">\n\t\t<div class=\"elementor-element elementor-element-49baca7 e-flex e-con-boxed e-con e-child\" data-id=\"49baca7\" data-element_type=\"container\" data-settings=\"{&quot;content_width&quot;:&quot;boxed&quot;}\">\n\t\t\t\t\t<div class=\"e-con-inner\">\n\t\t\t\t<div class=\"elementor-element elementor-element-9b371a6 elementor-widget elementor-widget-text-editor\" data-id=\"9b371a6\" data-element_type=\"widget\" data-widget_type=\"text-editor.default\">\n\t\t\t\t<div class=\"elementor-widget-container\">\n\t\t\t\t\t\t\t<p>Jardins de l\u00e9gumes et aromatiques <br \/>\u00e0 Fellering<\/p>\t\t\t\t\t\t<\/div>\n\t\t\t\t<\/div>\n\t\t\t\t<div class=\"elementor-element elementor-element-e40241d elementor-widget elementor-widget-image\" data-id=\"e40241d\" data-element_type=\"widget\" data-widget_type=\"image.default\">\n\t\t\t\t<div class=\"elementor-widget-container\">\n\t\t\t\t\t\t\t\t\t\t\t\t\t<img decoding=\"async\" width=\"681\" height=\"302\" src=\"https:\/\/jardinsdemarguerite.fr\/wp-content\/uploads\/2024\/03\/logoab_eurofeuille_biologique-e1745406996223.png\" class=\"attachment-full size-full wp-image-121\" alt=\"\" srcset=\"https:\/\/jardinsdemarguerite.fr\/wp-content\/uploads\/2024\/03\/logoab_eurofeuille_biologique-e1745406996223.png 681w, https:\/\/jardinsdemarguerite.fr\/wp-content\/uploads\/2024\/03\/logoab_eurofeuille_biologique-e1745406996223-600x266.png 600w, https:\/\/jardinsdemarguerite.fr\/wp-content\/uploads\/2024\/03\/logoab_eurofeuille_biologique-e1745406996223-300x133.png 300w\" sizes=\"(max-width: 681px) 100vw, 681px\" \/>\t\t\t\t\t\t\t\t\t\t\t\t\t<\/div>\n\t\t\t\t<\/div>\n\t\t\t\t\t<\/div>\n\t\t\t\t<\/div>\n\t\t\t\t<\/div>\n\t\t<div class=\"elementor-element elementor-element-6d57fe9 e-con-full e-flex e-con e-parent\" data-id=\"6d57fe9\" data-element_type=\"container\" data-settings=\"{&quot;background_background&quot;:&quot;classic&quot;,&quot;content_width&quot;:&quot;full&quot;}\" data-core-v316-plus=\"true\">\n\t\t<div class=\"elementor-element elementor-element-9961e65 e-con-full e-flex e-con e-child\" data-id=\"9961e65\" data-element_type=\"container\" data-settings=\"{&quot;content_width&quot;:&quot;full&quot;}\">\n\t\t\t\t<div class=\"elementor-element elementor-element-869eaf8 elementor-widget elementor-widget-text-editor\" data-id=\"869eaf8\" data-element_type=\"widget\" data-widget_type=\"text-editor.default\">\n\t\t\t\t<div class=\"elementor-widget-container\">\n\t\t\t\t\t\t\t<p>&#8211; Paniers de l\u00e9gumes &#8211;<\/p>\t\t\t\t\t\t<\/div>\n\t\t\t\t<\/div>\n\t\t\t\t<div class=\"elementor-element elementor-element-c84d361 elementor-widget elementor-widget-text-editor\" data-id=\"c84d361\" data-element_type=\"widget\" data-widget_type=\"text-editor.default\">\n\t\t\t\t<div class=\"elementor-widget-container\">\n\t\t\t\t\t\t\t<p>L\u00e9gumes de saison<br \/>Panier <span style=\"text-decoration: underline;\">hebdomadaire<\/span> sur commande<\/p>\t\t\t\t\t\t<\/div>\n\t\t\t\t<\/div>\n\t\t\t\t<div class=\"elementor-element elementor-element-9f6b668 elementor-widget elementor-widget-text-editor\" data-id=\"9f6b668\" data-element_type=\"widget\" data-widget_type=\"text-editor.default\">\n\t\t\t\t<div class=\"elementor-widget-container\">\n\t\t\t\t\t\t\t<p><span style=\"text-decoration: underline;\">TOUS LES MERCREDIS<\/span> DE 14h \u00e0 18h<br \/>Commande possible jusqu&rsquo;au mercredi 9h.<\/p>\t\t\t\t\t\t<\/div>\n\t\t\t\t<\/div>\n\t\t<div class=\"elementor-element elementor-element-6029fc6 e-con-full e-flex e-con e-child\" data-id=\"6029fc6\" data-element_type=\"container\" data-settings=\"{&quot;content_width&quot;:&quot;full&quot;,&quot;background_background&quot;:&quot;classic&quot;}\">\n\t\t\t\t<div class=\"elementor-element elementor-element-bbc11df elementor-align-center elementor-widget elementor-widget-button\" data-id=\"bbc11df\" data-element_type=\"widget\" data-widget_type=\"button.default\">\n\t\t\t\t<div class=\"elementor-widget-container\">\n\t\t\t\t\t<div class=\"elementor-button-wrapper\">\n\t\t\t<a class=\"elementor-button elementor-size-sm\" role=\"button\">\n\t\t\t\t\t\t<span class=\"elementor-button-content-wrapper\">\n\t\t\t\t\t\t<span class=\"elementor-button-text\">COMMANDE PAR SMS au 06.04.44.35.58<\/span>\n\t\t<\/span>\n\t\t\t\t\t<\/a>\n\t\t<\/div>\n\t\t\t\t<\/div>\n\t\t\t\t<\/div>\n\t\t\t\t<\/div>\n\t\t\t\t<\/div>\n\t\t\t\t<\/div>\n\t\t<div class=\"elementor-element elementor-element-fb2e0bb e-con-full e-flex e-con e-parent\" data-id=\"fb2e0bb\" data-element_type=\"container\" data-settings=\"{&quot;background_background&quot;:&quot;classic&quot;,&quot;content_width&quot;:&quot;full&quot;}\" data-core-v316-plus=\"true\">\n\t\t<div class=\"elementor-element elementor-element-e31aae5 e-con-full e-flex e-con e-child\" data-id=\"e31aae5\" data-element_type=\"container\" data-settings=\"{&quot;content_width&quot;:&quot;full&quot;}\">\n\t\t\t\t<div class=\"elementor-element elementor-element-88a947f elementor-widget elementor-widget-text-editor\" data-id=\"88a947f\" data-element_type=\"widget\" data-widget_type=\"text-editor.default\">\n\t\t\t\t<div class=\"elementor-widget-container\">\n\t\t\t\t\t\t\t<p>&#8211; Petit Panier (1 personne) &#8211; 10\u20ac<br \/>&#8211; Moyen Panier (2 personnes et +) &#8211; 20\u20ac<br \/>&#8211; Grand Panier (3 personnes et plus) &#8211; 30\u20ac<\/p>\t\t\t\t\t\t<\/div>\n\t\t\t\t<\/div>\n\t\t\t\t<\/div>\n\t\t\t\t<\/div>\n\t\t<div class=\"elementor-element elementor-element-df197e6 e-con-full e-flex e-con e-parent\" data-id=\"df197e6\" data-element_type=\"container\" data-settings=\"{&quot;content_width&quot;:&quot;full&quot;,&quot;background_background&quot;:&quot;classic&quot;}\" data-core-v316-plus=\"true\">\n\t\t<div class=\"elementor-element elementor-element-4ecf929 e-con-full e-flex e-con e-child\" data-id=\"4ecf929\" data-element_type=\"container\" data-settings=\"{&quot;content_width&quot;:&quot;full&quot;}\">\n\t\t\t\t<div class=\"elementor-element elementor-element-c8e08d9 elementor-widget elementor-widget-text-editor\" data-id=\"c8e08d9\" data-element_type=\"widget\" data-widget_type=\"text-editor.default\">\n\t\t\t\t<div class=\"elementor-widget-container\">\n\t\t\t\t\t\t\t<p>&#8211; March\u00e9 des plants potag\u00e9s 2026 &#8211;<\/p>\t\t\t\t\t\t<\/div>\n\t\t\t\t<\/div>\n\t\t<div class=\"elementor-element elementor-element-9cdb251 e-con-full e-flex e-con e-child\" data-id=\"9cdb251\" data-element_type=\"container\" data-settings=\"{&quot;content_width&quot;:&quot;full&quot;,&quot;background_background&quot;:&quot;classic&quot;}\">\n\t\t\t\t<div class=\"elementor-element elementor-element-47a3dab elementor-align-center elementor-widget elementor-widget-button\" data-id=\"47a3dab\" data-element_type=\"widget\" data-widget_type=\"button.default\">\n\t\t\t\t<div class=\"elementor-widget-container\">\n\t\t\t\t\t<div class=\"elementor-button-wrapper\">\n\t\t\t<a class=\"elementor-button elementor-button-link elementor-size-sm\" href=\"https:\/\/jardinsdemarguerite.fr\/wp-content\/uploads\/2026\/02\/Catalogue-semences-2026_.pdf\" target=\"_blank\">\n\t\t\t\t\t\t<span class=\"elementor-button-content-wrapper\">\n\t\t\t\t\t\t<span class=\"elementor-button-text\">CATALOGUE<\/span>\n\t\t<\/span>\n\t\t\t\t\t<\/a>\n\t\t<\/div>\n\t\t\t\t<\/div>\n\t\t\t\t<\/div>\n\t\t\t\t<div class=\"elementor-element elementor-element-ab9e935 elementor-align-center elementor-widget elementor-widget-button\" data-id=\"ab9e935\" data-element_type=\"widget\" data-widget_type=\"button.default\">\n\t\t\t\t<div class=\"elementor-widget-container\">\n\t\t\t\t\t<div class=\"elementor-button-wrapper\">\n\t\t\t<a class=\"elementor-button elementor-button-link elementor-size-sm\" href=\"https:\/\/jardinsdemarguerite.fr\/wp-content\/uploads\/2026\/02\/Tarifs-plants-2026.pdf\" target=\"_blank\">\n\t\t\t\t\t\t<span class=\"elementor-button-content-wrapper\">\n\t\t\t\t\t\t<span class=\"elementor-button-text\">PRIX<\/span>\n\t\t<\/span>\n\t\t\t\t\t<\/a>\n\t\t<\/div>\n\t\t\t\t<\/div>\n\t\t\t\t<\/div>\n\t\t\t\t<div class=\"elementor-element elementor-element-d721839 elementor-align-center elementor-widget elementor-widget-button\" data-id=\"d721839\" data-element_type=\"widget\" data-widget_type=\"button.default\">\n\t\t\t\t<div class=\"elementor-widget-container\">\n\t\t\t\t\t<div class=\"elementor-button-wrapper\">\n\t\t\t<a class=\"elementor-button elementor-size-sm\" role=\"button\">\n\t\t\t\t\t\t<span class=\"elementor-button-content-wrapper\">\n\t\t\t\t\t\t<span class=\"elementor-button-text\">COMMANDE PAR EMAIL : contact@jardinsdemarguerite.fr<\/span>\n\t\t<\/span>\n\t\t\t\t\t<\/a>\n\t\t<\/div>\n\t\t\t\t<\/div>\n\t\t\t\t<\/div>\n\t\t\t\t<\/div>\n\t\t\t\t<\/div>\n\t\t\t\t<\/div>\n\t\t<div class=\"elementor-element elementor-element-b1ac866 e-flex e-con-boxed e-con e-parent\" data-id=\"b1ac866\" data-element_type=\"container\" data-settings=\"{&quot;background_background&quot;:&quot;classic&quot;,&quot;content_width&quot;:&quot;boxed&quot;}\" data-core-v316-plus=\"true\">\n\t\t\t\t\t<div class=\"e-con-inner\">\n\t\t<div class=\"elementor-element elementor-element-c7d189a e-con-full e-flex e-con e-child\" data-id=\"c7d189a\" data-element_type=\"container\" data-settings=\"{&quot;content_width&quot;:&quot;full&quot;}\">\n\t\t\t\t<div class=\"elementor-element elementor-element-4587d6b elementor-widget elementor-widget-text-editor\" data-id=\"4587d6b\" data-element_type=\"widget\" data-widget_type=\"text-editor.default\">\n\t\t\t\t<div class=\"elementor-widget-container\">\n\t\t\t\t\t\t\t<p>&#8211; Produits transform\u00e9s &#8211;<\/p>\t\t\t\t\t\t<\/div>\n\t\t\t\t<\/div>\n\t\t\t\t<div class=\"elementor-element elementor-element-53d9643 elementor-widget elementor-widget-text-editor\" data-id=\"53d9643\" data-element_type=\"widget\" data-widget_type=\"text-editor.default\">\n\t\t\t\t<div class=\"elementor-widget-container\">\n\t\t\t\t\t\t\t<p>Aromatiques et Cosm\u00e9tiques<\/p>\t\t\t\t\t\t<\/div>\n\t\t\t\t<\/div>\n\t\t\t\t<div class=\"elementor-element elementor-element-b707c4d elementor-widget elementor-widget-text-editor\" data-id=\"b707c4d\" data-element_type=\"widget\" data-widget_type=\"text-editor.default\">\n\t\t\t\t<div class=\"elementor-widget-container\">\n\t\t\t\t\t\t\t<p>Tisanes &#8211; Sels aux herbes<br \/>Baumes &#8211; Eaux Florales<\/p>\t\t\t\t\t\t<\/div>\n\t\t\t\t<\/div>\n\t\t\t\t<div class=\"elementor-element elementor-element-533130f elementor-align-center elementor-widget elementor-widget-button\" data-id=\"533130f\" data-element_type=\"widget\" data-widget_type=\"button.default\">\n\t\t\t\t<div class=\"elementor-widget-container\">\n\t\t\t\t\t<div class=\"elementor-button-wrapper\">\n\t\t\t<a class=\"elementor-button elementor-size-sm\" role=\"button\">\n\t\t\t\t\t\t<span class=\"elementor-button-content-wrapper\">\n\t\t\t\t\t\t<span class=\"elementor-button-text\">COMMANDE PAR EMAIL : contact@jardinsdemarguerite.fr<\/span>\n\t\t<\/span>\n\t\t\t\t\t<\/a>\n\t\t<\/div>\n\t\t\t\t<\/div>\n\t\t\t\t<\/div>\n\t\t\t\t<\/div>\n\t\t<div class=\"elementor-element elementor-element-a191fd5 e-con-full e-flex e-con e-child\" data-id=\"a191fd5\" data-element_type=\"container\" data-settings=\"{&quot;content_width&quot;:&quot;full&quot;}\">\n\t\t\t\t<div class=\"elementor-element elementor-element-be91a1d elementor-widget elementor-widget-image\" data-id=\"be91a1d\" data-element_type=\"widget\" data-widget_type=\"image.default\">\n\t\t\t\t<div class=\"elementor-widget-container\">\n\t\t\t\t\t\t\t\t\t\t\t\t\t<img loading=\"lazy\" decoding=\"async\" width=\"2560\" height=\"2394\" src=\"https:\/\/jardinsdemarguerite.fr\/wp-content\/uploads\/2025\/01\/IMG_7028-scaled.jpg\" class=\"attachment-full size-full wp-image-256\" alt=\"\" srcset=\"https:\/\/jardinsdemarguerite.fr\/wp-content\/uploads\/2025\/01\/IMG_7028-scaled.jpg 2560w, https:\/\/jardinsdemarguerite.fr\/wp-content\/uploads\/2025\/01\/IMG_7028-scaled-600x561.jpg 600w, https:\/\/jardinsdemarguerite.fr\/wp-content\/uploads\/2025\/01\/IMG_7028-300x281.jpg 300w\" sizes=\"(max-width: 2560px) 100vw, 2560px\" \/>\t\t\t\t\t\t\t\t\t\t\t\t\t<\/div>\n\t\t\t\t<\/div>\n\t\t\t\t<\/div>\n\t\t\t\t\t<\/div>\n\t\t\t\t<\/div>\n\t\t<div class=\"elementor-element elementor-element-6a64802 e-flex e-con-boxed e-con e-parent\" data-id=\"6a64802\" data-element_type=\"container\" data-settings=\"{&quot;content_width&quot;:&quot;boxed&quot;}\" data-core-v316-plus=\"true\">\n\t\t\t\t\t<div class=\"e-con-inner\">\n\t\t\t\t<div class=\"elementor-element elementor-element-8326049 elementor-widget elementor-widget-text-editor\" data-id=\"8326049\" data-element_type=\"widget\" data-widget_type=\"text-editor.default\">\n\t\t\t\t<div class=\"elementor-widget-container\">\n\t\t\t\t\t\t\t<p><strong>LES JARDINS DE MARGUERITE<\/strong><br \/>Marguerite Humen<br \/>T\u00e8l : 06.04.44.35.58<br \/>e-mail: <a href=\"mailto:contact@jardinsdemarguerite.fr\">contact@jardinsdemarguerite.fr<\/a><br \/>4 rue du Moulin, 68470 Fellering<\/p>\t\t\t\t\t\t<\/div>\n\t\t\t\t<\/div>\n\t\t\t\t\t<\/div>\n\t\t\t\t<\/div>\n\t\t<div class=\"elementor-element elementor-element-c9e2331 e-con-full e-flex e-con e-parent\" data-id=\"c9e2331\" data-element_type=\"container\" data-settings=\"{&quot;content_width&quot;:&quot;full&quot;}\" data-core-v316-plus=\"true\">\n\t\t<div class=\"elementor-element elementor-element-49aeb9c e-con-full e-flex e-con e-child\" data-id=\"49aeb9c\" data-element_type=\"container\" data-settings=\"{&quot;content_width&quot;:&quot;full&quot;}\">\n\t\t\t\t<div class=\"elementor-element elementor-element-20e6980 elementor-widget elementor-widget-text-editor\" data-id=\"20e6980\" data-element_type=\"widget\" data-widget_type=\"text-editor.default\">\n\t\t\t\t<div class=\"elementor-widget-container\">\n\t\t\t\t\t\t\t<p>Site web en construction<\/p>\t\t\t\t\t\t<\/div>\n\t\t\t\t<\/div>\n\t\t\t\t<\/div>\n\t\t\t\t<\/div>\n\t\t\t\t<\/div>\n\t\t","protected":false},"excerpt":{"rendered":"<p>Micro Ferme en Bio \u00e0 Fellering Plants &#8211; L\u00e9gumes de saison &#8211; Plantes aromatiques et m\u00e9dicinales Jardins de l\u00e9gumes et aromatiques \u00e0 Fellering &#8211; Paniers de l\u00e9gumes &#8211; L\u00e9gumes de saisonPanier hebdomadaire sur commande TOUS LES MERCREDIS DE 14h \u00e0 18hCommande possible jusqu&rsquo;au mercredi 9h. COMMANDE PAR SMS au 06.04.44.35.58 &#8211; Petit Panier (1 personne) [&hellip;]<\/p>\n","protected":false},"author":1,"featured_media":0,"parent":0,"menu_order":0,"comment_status":"closed","ping_status":"closed","template":"elementor_header_footer","meta":{"ocean_post_layout":"","ocean_both_sidebars_style":"","ocean_both_sidebars_content_width":0,"ocean_both_sidebars_sidebars_width":0,"ocean_sidebar":"","ocean_second_sidebar":"","ocean_disable_margins":"enable","ocean_add_body_class":"","ocean_shortcode_before_top_bar":"","ocean_shortcode_after_top_bar":"","ocean_shortcode_before_header":"","ocean_shortcode_after_header":"","ocean_has_shortcode":"","ocean_shortcode_after_title":"","ocean_shortcode_before_footer_widgets":"","ocean_shortcode_after_footer_widgets":"","ocean_shortcode_before_footer_bottom":"","ocean_shortcode_after_footer_bottom":"","ocean_display_top_bar":"default","ocean_display_header":"default","ocean_header_style":"","ocean_center_header_left_menu":"","ocean_custom_header_template":"","ocean_custom_logo":0,"ocean_custom_retina_logo":0,"ocean_custom_logo_max_width":0,"ocean_custom_logo_tablet_max_width":0,"ocean_custom_logo_mobile_max_width":0,"ocean_custom_logo_max_height":0,"ocean_custom_logo_tablet_max_height":0,"ocean_custom_logo_mobile_max_height":0,"ocean_header_custom_menu":"","ocean_menu_typo_font_family":"","ocean_menu_typo_font_subset":"","ocean_menu_typo_font_size":0,"ocean_menu_typo_font_size_tablet":0,"ocean_menu_typo_font_size_mobile":0,"ocean_menu_typo_font_size_unit":"px","ocean_menu_typo_font_weight":"","ocean_menu_typo_font_weight_tablet":"","ocean_menu_typo_font_weight_mobile":"","ocean_menu_typo_transform":"","ocean_menu_typo_transform_tablet":"","ocean_menu_typo_transform_mobile":"","ocean_menu_typo_line_height":0,"ocean_menu_typo_line_height_tablet":0,"ocean_menu_typo_line_height_mobile":0,"ocean_menu_typo_line_height_unit":"","ocean_menu_typo_spacing":0,"ocean_menu_typo_spacing_tablet":0,"ocean_menu_typo_spacing_mobile":0,"ocean_menu_typo_spacing_unit":"","ocean_menu_link_color":"","ocean_menu_link_color_hover":"","ocean_menu_link_color_active":"","ocean_menu_link_background":"","ocean_menu_link_hover_background":"","ocean_menu_link_active_background":"","ocean_menu_social_links_bg":"","ocean_menu_social_hover_links_bg":"","ocean_menu_social_links_color":"","ocean_menu_social_hover_links_color":"","ocean_disable_title":"default","ocean_disable_heading":"default","ocean_post_title":"","ocean_post_subheading":"","ocean_post_title_style":"","ocean_post_title_background_color":"","ocean_post_title_background":0,"ocean_post_title_bg_image_position":"","ocean_post_title_bg_image_attachment":"","ocean_post_title_bg_image_repeat":"","ocean_post_title_bg_image_size":"","ocean_post_title_height":0,"ocean_post_title_bg_overlay":0.5,"ocean_post_title_bg_overlay_color":"","ocean_disable_breadcrumbs":"default","ocean_breadcrumbs_color":"","ocean_breadcrumbs_separator_color":"","ocean_breadcrumbs_links_color":"","ocean_breadcrumbs_links_hover_color":"","ocean_display_footer_widgets":"default","ocean_display_footer_bottom":"default","ocean_custom_footer_template":"","footnotes":""},"class_list":["post-11","page","type-page","status-publish","hentry","entry","owp-thumbs-layout-horizontal","owp-btn-normal","owp-tabs-layout-horizontal","has-no-thumbnails","has-product-nav"],"jetpack_sharing_enabled":true,"_links":{"self":[{"href":"https:\/\/jardinsdemarguerite.fr\/index.php\/wp-json\/wp\/v2\/pages\/11","targetHints":{"allow":["GET"]}}],"collection":[{"href":"https:\/\/jardinsdemarguerite.fr\/index.php\/wp-json\/wp\/v2\/pages"}],"about":[{"href":"https:\/\/jardinsdemarguerite.fr\/index.php\/wp-json\/wp\/v2\/types\/page"}],"author":[{"embeddable":true,"href":"https:\/\/jardinsdemarguerite.fr\/index.php\/wp-json\/wp\/v2\/users\/1"}],"replies":[{"embeddable":true,"href":"https:\/\/jardinsdemarguerite.fr\/index.php\/wp-json\/wp\/v2\/comments?post=11"}],"version-history":[{"count":133,"href":"https:\/\/jardinsdemarguerite.fr\/index.php\/wp-json\/wp\/v2\/pages\/11\/revisions"}],"predecessor-version":[{"id":344,"href":"https:\/\/jardinsdemarguerite.fr\/index.php\/wp-json\/wp\/v2\/pages\/11\/revisions\/344"}],"wp:attachment":[{"href":"https:\/\/jardinsdemarguerite.fr\/index.php\/wp-json\/wp\/v2\/media?parent=11"}],"curies":[{"name":"wp","href":"https:\/\/api.w.org\/{rel}","templated":true}]}}